{"id":2396,"date":"2023-11-02T10:52:12","date_gmt":"2023-11-02T09:52:12","guid":{"rendered":"https:\/\/www.clinicalnutrition.es\/sitemap\/"},"modified":"2024-01-08T09:21:35","modified_gmt":"2024-01-08T08:21:35","slug":"sitemap","status":"publish","type":"page","link":"https:\/\/www.clinicalnutrition.es\/en\/sitemap\/","title":{"rendered":"Sitemap"},"content":{"rendered":"\t\t<div data-elementor-type=\"wp-page\" data-elementor-id=\"2396\" class=\"elementor elementor-2396 elementor-1151\" data-elementor-post-type=\"page\">\n\t\t\t\t\t\t<section class=\"elementor-section elementor-top-section elementor-element elementor-element-c6532ec elementor-section-boxed elementor-section-height-default elementor-section-height-default\" data-id=\"c6532ec\" data-element_type=\"section\" data-e-type=\"section\" data-settings=\"{&quot;background_background&quot;:&quot;classic&quot;}\">\n\t\t\t\t\t\t<div class=\"elementor-container elementor-column-gap-default\">\n\t\t\t\t\t<div class=\"elementor-column elementor-col-100 elementor-top-column elementor-element elementor-element-d5cb6ae\" data-id=\"d5cb6ae\" data-element_type=\"column\" data-e-type=\"column\">\n\t\t\t<div class=\"elementor-widget-wrap elementor-element-populated\">\n\t\t\t\t\t\t<div class=\"elementor-element elementor-element-e7bd6d3 elementor-widget elementor-widget-heading\" data-id=\"e7bd6d3\" data-element_type=\"widget\" data-e-type=\"widget\" data-widget_type=\"heading.default\">\n\t\t\t\t<div class=\"elementor-widget-container\">\n\t\t\t\t\t<h2 class=\"elementor-heading-title elementor-size-default\">Sitemap Clinical Nutrition<\/h2>\t\t\t\t<\/div>\n\t\t\t\t<\/div>\n\t\t\t\t<div class=\"elementor-element elementor-element-8ac275d elementor-widget elementor-widget-sitemap\" data-id=\"8ac275d\" data-element_type=\"widget\" data-e-type=\"widget\" data-widget_type=\"sitemap.default\">\n\t\t\t\t<div class=\"elementor-widget-container\">\n\t\t\t\t\t<div class=\"elementor-sitemap-wrap\"><div class=\"elementor-sitemap-section\"><h2 class=\"elementor-sitemap-title elementor-sitemap-page-title\">P\u00e1ginas<\/h2><ul class=\"elementor-sitemap-list elementor-sitemap-page-list\"><li class=\"elementor-sitemap-item elementor-sitemap-item-page page_item page-item-2791\"><a href=\"https:\/\/www.clinicalnutrition.es\/en\/research-and-development\/\">Research and Development<\/a><\/li><li class=\"elementor-sitemap-item elementor-sitemap-item-page page_item page-item-2376\"><a href=\"https:\/\/www.clinicalnutrition.es\/en\/ethical-channel\/\">Ethical channel<\/a><\/li><li class=\"elementor-sitemap-item elementor-sitemap-item-page page_item page-item-2375\"><a href=\"https:\/\/www.clinicalnutrition.es\/en\/thank-you\/\">Thank you<\/a><\/li><li class=\"elementor-sitemap-item elementor-sitemap-item-page page_item page-item-2390\"><a href=\"https:\/\/www.clinicalnutrition.es\/en\/privacy-policy\/\">Privacy Policy<\/a><\/li><li class=\"elementor-sitemap-item elementor-sitemap-item-page page_item page-item-2385\"><a href=\"https:\/\/www.clinicalnutrition.es\/en\/cookies-policy\/\">Cookies Policy<\/a><\/li><li class=\"elementor-sitemap-item elementor-sitemap-item-page page_item page-item-2396\"><a href=\"https:\/\/www.clinicalnutrition.es\/en\/sitemap\/\">Sitemap<\/a><\/li><li class=\"elementor-sitemap-item elementor-sitemap-item-page page_item page-item-2399\"><a href=\"https:\/\/www.clinicalnutrition.es\/en\/products\/puddings\/\">Puddings<\/a><\/li><li class=\"elementor-sitemap-item elementor-sitemap-item-page page_item page-item-2397\"><a href=\"https:\/\/www.clinicalnutrition.es\/en\/products\/powders\/\">Powders<\/a><\/li><li class=\"elementor-sitemap-item elementor-sitemap-item-page page_item page-item-2391\"><a href=\"https:\/\/www.clinicalnutrition.es\/en\/products\/shots\/\">Shots<\/a><\/li><li class=\"elementor-sitemap-item elementor-sitemap-item-page page_item page-item-2380\"><a href=\"https:\/\/www.clinicalnutrition.es\/en\/products\/gels\/\">Gels<\/a><\/li><li class=\"elementor-sitemap-item elementor-sitemap-item-page page_item page-item-2420\"><a href=\"https:\/\/www.clinicalnutrition.es\/en\/products\/bars\/\">Bars<\/a><\/li><li class=\"elementor-sitemap-item elementor-sitemap-item-page page_item page-item-2382\"><a href=\"https:\/\/www.clinicalnutrition.es\/en\/products\/rtd-shakes\/\">RTD Shakes<\/a><\/li><li class=\"elementor-sitemap-item elementor-sitemap-item-page page_item page-item-2398\"><a href=\"https:\/\/www.clinicalnutrition.es\/en\/products\/rtd-beverages\/\">RTD Beverages<\/a><\/li><li class=\"elementor-sitemap-item elementor-sitemap-item-page page_item page-item-2426\"><a href=\"https:\/\/www.clinicalnutrition.es\/en\/\">Clinical Nutrition Home<\/a><\/li><li class=\"elementor-sitemap-item elementor-sitemap-item-page page_item page-item-2393\"><a href=\"https:\/\/www.clinicalnutrition.es\/en\/quality\/\">Quality<\/a><\/li><li class=\"elementor-sitemap-item elementor-sitemap-item-page page_item page-item-2411\"><a href=\"https:\/\/www.clinicalnutrition.es\/en\/contact\/\">Contact<\/a><\/li><li class=\"elementor-sitemap-item elementor-sitemap-item-page page_item page-item-2383 current_page_parent\"><a href=\"https:\/\/www.clinicalnutrition.es\/en\/blog\/\">Blog<\/a><\/li><li class=\"elementor-sitemap-item elementor-sitemap-item-page page_item page-item-2431\"><a href=\"https:\/\/www.clinicalnutrition.es\/en\/who-we-are\/\">Who we are<\/a><\/li><li class=\"elementor-sitemap-item elementor-sitemap-item-page page_item page-item-2406\"><a href=\"https:\/\/www.clinicalnutrition.es\/en\/products\/\">Products<\/a><\/li><li class=\"elementor-sitemap-item elementor-sitemap-item-page page_item page-item-2432\"><a href=\"https:\/\/www.clinicalnutrition.es\/en\/private-label\/\">Private label<\/a><\/li><\/ul><\/div><div class=\"elementor-sitemap-section\"><h2 class=\"elementor-sitemap-title elementor-sitemap-category-title\">Categor\u00edas<\/h2><span class=\"elementor-sitemap-list elementor-sitemap-category-list\">None<\/span><\/div><\/div>\t\t\t\t<\/div>\n\t\t\t\t<\/div>\n\t\t\t\t\t<\/div>\n\t\t<\/div>\n\t\t\t\t\t<\/div>\n\t\t<\/section>\n\t\t\t\t<\/div>\n\t\t","protected":false},"excerpt":{"rendered":"<p>Sitemap Clinical Nutrition<\/p>\n","protected":false},"author":1,"featured_media":0,"parent":0,"menu_order":0,"comment_status":"closed","ping_status":"closed","template":"","meta":{"footnotes":""},"class_list":["post-2396","page","type-page","status-publish","hentry"],"yoast_head":"<!-- This site is optimized with the Yoast SEO plugin v26.9 - https:\/\/yoast.com\/product\/yoast-seo-wordpress\/ -->\n<title>Sitemap - Clinical Nutrition<\/title>\n<meta name=\"robots\" content=\"index, follow, max-snippet:-1, max-image-preview:large, max-video-preview:-1\" \/>\n<link rel=\"canonical\" href=\"https:\/\/www.clinicalnutrition.es\/en\/sitemap\/\" \/>\n<meta property=\"og:locale\" content=\"en_US\" \/>\n<meta property=\"og:type\" content=\"article\" \/>\n<meta property=\"og:title\" content=\"Sitemap - Clinical Nutrition\" \/>\n<meta property=\"og:description\" content=\"Sitemap Clinical Nutrition\" \/>\n<meta property=\"og:url\" content=\"https:\/\/www.clinicalnutrition.es\/en\/sitemap\/\" \/>\n<meta property=\"og:site_name\" content=\"Clinical Nutrition\" \/>\n<meta property=\"article:modified_time\" content=\"2024-01-08T08:21:35+00:00\" \/>\n<meta name=\"twitter:card\" content=\"summary_large_image\" \/>\n<script type=\"application\/ld+json\" class=\"yoast-schema-graph\">{\"@context\":\"https:\/\/schema.org\",\"@graph\":[{\"@type\":\"WebPage\",\"@id\":\"https:\/\/www.clinicalnutrition.es\/en\/sitemap\/\",\"url\":\"https:\/\/www.clinicalnutrition.es\/en\/sitemap\/\",\"name\":\"Sitemap - Clinical Nutrition\",\"isPartOf\":{\"@id\":\"https:\/\/www.clinicalnutrition.es\/en\/#website\"},\"datePublished\":\"2023-11-02T09:52:12+00:00\",\"dateModified\":\"2024-01-08T08:21:35+00:00\",\"breadcrumb\":{\"@id\":\"https:\/\/www.clinicalnutrition.es\/en\/sitemap\/#breadcrumb\"},\"inLanguage\":\"en-US\",\"potentialAction\":[{\"@type\":\"ReadAction\",\"target\":[\"https:\/\/www.clinicalnutrition.es\/en\/sitemap\/\"]}]},{\"@type\":\"BreadcrumbList\",\"@id\":\"https:\/\/www.clinicalnutrition.es\/en\/sitemap\/#breadcrumb\",\"itemListElement\":[{\"@type\":\"ListItem\",\"position\":1,\"name\":\"Portada\",\"item\":\"https:\/\/www.clinicalnutrition.es\/en\/clinical-nutrition-home\/\"},{\"@type\":\"ListItem\",\"position\":2,\"name\":\"Sitemap\"}]},{\"@type\":\"WebSite\",\"@id\":\"https:\/\/www.clinicalnutrition.es\/en\/#website\",\"url\":\"https:\/\/www.clinicalnutrition.es\/en\/\",\"name\":\"Clinical Nutrition\",\"description\":\"Fabricante l\u00edderes en nutrici\u00f3n y suplementaci\u00f3n desde 1981\",\"publisher\":{\"@id\":\"https:\/\/www.clinicalnutrition.es\/en\/#organization\"},\"potentialAction\":[{\"@type\":\"SearchAction\",\"target\":{\"@type\":\"EntryPoint\",\"urlTemplate\":\"https:\/\/www.clinicalnutrition.es\/en\/?s={search_term_string}\"},\"query-input\":{\"@type\":\"PropertyValueSpecification\",\"valueRequired\":true,\"valueName\":\"search_term_string\"}}],\"inLanguage\":\"en-US\"},{\"@type\":\"Organization\",\"@id\":\"https:\/\/www.clinicalnutrition.es\/en\/#organization\",\"name\":\"CN Labs\",\"url\":\"https:\/\/www.clinicalnutrition.es\/en\/\",\"logo\":{\"@type\":\"ImageObject\",\"inLanguage\":\"en-US\",\"@id\":\"https:\/\/www.clinicalnutrition.es\/en\/#\/schema\/logo\/image\/\",\"url\":\"https:\/\/www.clinicalnutrition.es\/wp-content\/uploads\/2023\/09\/Clinical-Nutrition-Logo-SVG.svg\",\"contentUrl\":\"https:\/\/www.clinicalnutrition.es\/wp-content\/uploads\/2023\/09\/Clinical-Nutrition-Logo-SVG.svg\",\"caption\":\"CN Labs\"},\"image\":{\"@id\":\"https:\/\/www.clinicalnutrition.es\/en\/#\/schema\/logo\/image\/\"},\"sameAs\":[\"https:\/\/www.linkedin.com\/company\/clinical-nutrition-s-a\/?originalSubdomain=es\",\"https:\/\/www.youtube.com\/channel\/UCzd52Z9HoJvdvGCkzDIhxCA\"]}]}<\/script>\n<!-- \/ Yoast SEO plugin. -->","yoast_head_json":{"title":"Sitemap - Clinical Nutrition","robots":{"index":"index","follow":"follow","max-snippet":"max-snippet:-1","max-image-preview":"max-image-preview:large","max-video-preview":"max-video-preview:-1"},"canonical":"https:\/\/www.clinicalnutrition.es\/en\/sitemap\/","og_locale":"en_US","og_type":"article","og_title":"Sitemap - Clinical Nutrition","og_description":"Sitemap Clinical Nutrition","og_url":"https:\/\/www.clinicalnutrition.es\/en\/sitemap\/","og_site_name":"Clinical Nutrition","article_modified_time":"2024-01-08T08:21:35+00:00","twitter_card":"summary_large_image","schema":{"@context":"https:\/\/schema.org","@graph":[{"@type":"WebPage","@id":"https:\/\/www.clinicalnutrition.es\/en\/sitemap\/","url":"https:\/\/www.clinicalnutrition.es\/en\/sitemap\/","name":"Sitemap - Clinical Nutrition","isPartOf":{"@id":"https:\/\/www.clinicalnutrition.es\/en\/#website"},"datePublished":"2023-11-02T09:52:12+00:00","dateModified":"2024-01-08T08:21:35+00:00","breadcrumb":{"@id":"https:\/\/www.clinicalnutrition.es\/en\/sitemap\/#breadcrumb"},"inLanguage":"en-US","potentialAction":[{"@type":"ReadAction","target":["https:\/\/www.clinicalnutrition.es\/en\/sitemap\/"]}]},{"@type":"BreadcrumbList","@id":"https:\/\/www.clinicalnutrition.es\/en\/sitemap\/#breadcrumb","itemListElement":[{"@type":"ListItem","position":1,"name":"Portada","item":"https:\/\/www.clinicalnutrition.es\/en\/clinical-nutrition-home\/"},{"@type":"ListItem","position":2,"name":"Sitemap"}]},{"@type":"WebSite","@id":"https:\/\/www.clinicalnutrition.es\/en\/#website","url":"https:\/\/www.clinicalnutrition.es\/en\/","name":"Clinical Nutrition","description":"Fabricante l\u00edderes en nutrici\u00f3n y suplementaci\u00f3n desde 1981","publisher":{"@id":"https:\/\/www.clinicalnutrition.es\/en\/#organization"},"potentialAction":[{"@type":"SearchAction","target":{"@type":"EntryPoint","urlTemplate":"https:\/\/www.clinicalnutrition.es\/en\/?s={search_term_string}"},"query-input":{"@type":"PropertyValueSpecification","valueRequired":true,"valueName":"search_term_string"}}],"inLanguage":"en-US"},{"@type":"Organization","@id":"https:\/\/www.clinicalnutrition.es\/en\/#organization","name":"CN Labs","url":"https:\/\/www.clinicalnutrition.es\/en\/","logo":{"@type":"ImageObject","inLanguage":"en-US","@id":"https:\/\/www.clinicalnutrition.es\/en\/#\/schema\/logo\/image\/","url":"https:\/\/www.clinicalnutrition.es\/wp-content\/uploads\/2023\/09\/Clinical-Nutrition-Logo-SVG.svg","contentUrl":"https:\/\/www.clinicalnutrition.es\/wp-content\/uploads\/2023\/09\/Clinical-Nutrition-Logo-SVG.svg","caption":"CN Labs"},"image":{"@id":"https:\/\/www.clinicalnutrition.es\/en\/#\/schema\/logo\/image\/"},"sameAs":["https:\/\/www.linkedin.com\/company\/clinical-nutrition-s-a\/?originalSubdomain=es","https:\/\/www.youtube.com\/channel\/UCzd52Z9HoJvdvGCkzDIhxCA"]}]}},"_links":{"self":[{"href":"https:\/\/www.clinicalnutrition.es\/en\/wp-json\/wp\/v2\/pages\/2396","targetHints":{"allow":["GET"]}}],"collection":[{"href":"https:\/\/www.clinicalnutrition.es\/en\/wp-json\/wp\/v2\/pages"}],"about":[{"href":"https:\/\/www.clinicalnutrition.es\/en\/wp-json\/wp\/v2\/types\/page"}],"author":[{"embeddable":true,"href":"https:\/\/www.clinicalnutrition.es\/en\/wp-json\/wp\/v2\/users\/1"}],"replies":[{"embeddable":true,"href":"https:\/\/www.clinicalnutrition.es\/en\/wp-json\/wp\/v2\/comments?post=2396"}],"version-history":[{"count":3,"href":"https:\/\/www.clinicalnutrition.es\/en\/wp-json\/wp\/v2\/pages\/2396\/revisions"}],"predecessor-version":[{"id":2415,"href":"https:\/\/www.clinicalnutrition.es\/en\/wp-json\/wp\/v2\/pages\/2396\/revisions\/2415"}],"wp:attachment":[{"href":"https:\/\/www.clinicalnutrition.es\/en\/wp-json\/wp\/v2\/media?parent=2396"}],"curies":[{"name":"wp","href":"https:\/\/api.w.org\/{rel}","templated":true}]}}