{"id":2390,"date":"2023-11-15T09:35:50","date_gmt":"2023-11-15T08:35:50","guid":{"rendered":"https:\/\/www.clinicalnutrition.es\/privacy-policy\/"},"modified":"2024-01-08T09:21:36","modified_gmt":"2024-01-08T08:21:36","slug":"privacy-policy","status":"publish","type":"page","link":"https:\/\/www.clinicalnutrition.es\/en\/privacy-policy\/","title":{"rendered":"Privacy Policy"},"content":{"rendered":"\t\t<div data-elementor-type=\"wp-page\" data-elementor-id=\"2390\" class=\"elementor elementor-2390 elementor-1593\" data-elementor-post-type=\"page\">\n\t\t\t\t\t\t<section class=\"elementor-section elementor-top-section elementor-element elementor-element-08e6d77 elementor-section-boxed elementor-section-height-default elementor-section-height-default\" data-id=\"08e6d77\" data-element_type=\"section\" data-e-type=\"section\">\n\t\t\t\t\t\t<div class=\"elementor-container elementor-column-gap-default\">\n\t\t\t\t\t<div class=\"elementor-column elementor-col-100 elementor-top-column elementor-element elementor-element-dad549a\" data-id=\"dad549a\" data-element_type=\"column\" data-e-type=\"column\">\n\t\t\t<div class=\"elementor-widget-wrap elementor-element-populated\">\n\t\t\t\t\t\t<div class=\"elementor-element elementor-element-fa774ce elementor-widget elementor-widget-heading\" data-id=\"fa774ce\" data-element_type=\"widget\" data-e-type=\"widget\" data-widget_type=\"heading.default\">\n\t\t\t\t<div class=\"elementor-widget-container\">\n\t\t\t\t\t<h2 class=\"elementor-heading-title elementor-size-default\">Privacy Policy<\/h2>\t\t\t\t<\/div>\n\t\t\t\t<\/div>\n\t\t\t\t<div class=\"elementor-element elementor-element-4d1b3be elementor-widget elementor-widget-heading\" data-id=\"4d1b3be\" data-element_type=\"widget\" data-e-type=\"widget\" data-widget_type=\"heading.default\">\n\t\t\t\t<div class=\"elementor-widget-container\">\n\t\t\t\t\t<h2 class=\"elementor-heading-title elementor-size-default\">Basic data protection information<\/h2>\t\t\t\t<\/div>\n\t\t\t\t<\/div>\n\t\t\t\t<div class=\"elementor-element elementor-element-49485c2 elementor-widget elementor-widget-text-editor\" data-id=\"49485c2\" data-element_type=\"widget\" data-e-type=\"widget\" data-widget_type=\"text-editor.default\">\n\t\t\t\t<div class=\"elementor-widget-container\">\n\t\t\t\t\t\t\t\t\t<p><strong>Responsible for the treatment<\/strong><br \/>&#8211; <span class=\"il\">Responsible: Clinical<\/span> Nutrition S.A.U.<br \/>&#8211; Address: street Paratge Les Escomes s\/n 08310 Argentona, Barcelona<br \/>&#8211; CIF: A08650509<br \/>&#8211; Mail: info@clinicalnutrition.es<br \/>&#8211; Phone: +34 93 797 4360<\/p>\n<p><strong>Purpose of treatment<\/strong><br \/>This website collects personal data through different forms. The data requested in the form will be used to answer the queries raised and send the user the requested information via email or telephone indicated on the form.<\/p>\n<p><strong>Legitimacy of the treatment<\/strong><br \/>Contractual relationship and Legitimate interest.<\/p>\n<p><strong>Addressees<\/strong><br \/>Exclusively to <span class=\"il\">Clinical<\/span> Nutrition S.A.U.<\/p>\n<p><strong>Rights<\/strong><br \/>Our users have the right to access, rectify and delete their data, as well as other rights as explained in the additional information.<\/p>\n\t\t\t\t\t\t\t\t<\/div>\n\t\t\t\t<\/div>\n\t\t\t\t<div class=\"elementor-element elementor-element-9b11bd6 elementor-widget elementor-widget-heading\" data-id=\"9b11bd6\" data-element_type=\"widget\" data-e-type=\"widget\" data-widget_type=\"heading.default\">\n\t\t\t\t<div class=\"elementor-widget-container\">\n\t\t\t\t\t<h2 class=\"elementor-heading-title elementor-size-default\">Additional data protection information<\/h2>\t\t\t\t<\/div>\n\t\t\t\t<\/div>\n\t\t\t\t<div class=\"elementor-element elementor-element-2fbd5ab elementor-widget elementor-widget-text-editor\" data-id=\"2fbd5ab\" data-element_type=\"widget\" data-e-type=\"widget\" data-widget_type=\"text-editor.default\">\n\t\t\t\t<div class=\"elementor-widget-container\">\n\t\t\t\t\t\t\t\t\t<p><strong>Responsible for the treatment<\/strong><\/p>\n<p><span class=\"il\">Clinical<\/span> Nutrition S.A.U. is responsible for safeguarding your rights and responding to your queries about the protection of your data. You can contact us at info@clinicalnutrition.es or by phone +34 93 797 4360.<\/p>\n<p><strong>Purpose of treatment<\/strong><\/p>\n<p>The personal data of customers will be used for the provision of the contracted services.<\/p>\n<p>The personal data of non-customers collected through the website will be used to answer the queries raised and send the user the requested information via email or telephone indicated on the form.<\/p>\n<p><strong>Legitimacy of the treatment<\/strong><\/p>\n<p>Legitimate Interest: There will be some circumstances and situations where we will process your personal data for our legitimate business interests. Our legitimate interest may be a commercial or social benefit and in order for us to carry out such processing, we will always maintain a balance between our interests and yours to ensure that it is fair.<\/p>\n<p><strong>Conservation<\/strong><\/p>\n<p><span class=\"il\">Clinical<\/span> Nutrition S.A.U. will keep your data as long as we need them for the provision of services or until you request your opposition in accordance with the provisions of the &#8220;Rights&#8221; section of this privacy policy.<\/p>\n<p><strong>Addressees<\/strong><\/p>\n<p>The personal data collected from customers will be used for the purposes of the service. Personal data collected from non-customers will not be forwarded to other entities.<\/p>\n<p><strong>Rights<\/strong><\/p>\n<p><span style=\"text-decoration: underline;\">Right of access<\/span>: This right allows you to know what personal data <span class=\"il\">Clinical<\/span> Nutrition S.A.U. has.<\/p>\n<p><span style=\"text-decoration: underline;\">Right of rectification<\/span>: This right allows you to request rectification of inaccurate data.<\/p>\n<p><span style=\"text-decoration: underline;\">Right of deletion<\/span>: This right allows you to have your data deleted when they are no longer necessary for the purposes for which they were collected.<\/p>\n<p><span style=\"text-decoration: underline;\">Right to limitation of processing<\/span>: This right allows you to ask the controller to suspend the processing of your data when a) contest the accuracy of the same, while such accuracy is being verified by the person in charge b) in those cases in which you exercise the right to object to the processing of data, while it is being verified whether the legitimate reasons of the data controller prevail over those of the data subject. This right also allows you to ask us to retain your personal data when a) the data processing is unlawful but you object to the deletion of your data and request instead the restriction of its use or b) We no longer need the data for the purposes of the processing but the data subject needs them for the formulation, exercise or defense of claims.<\/p>\n<p><span style=\"text-decoration: underline;\">Right of opposition<\/span>: This right allows you to oppose the processing when there are well-founded reasons to do so related to your personal situation or to oppose commercial prospecting actions. We will stop processing the data, except for legitimate reasons or for the exercise or defense of possible claims.<\/p>\n<p><span style=\"text-decoration: underline;\">Right to data portability<\/span>: This right allows you to request the portability of your data to another data controller. This right allows you to receive your personal data provided in a structured, commonly used and machine-readable format and to transmit it to another data controller, where technically possible.<\/p>\n<p><span style=\"text-decoration: underline;\">Right to revoke consent<\/span>: This right allows you to revoke the consent given.<\/p>\n<p>You can exercise these rights by sending your request to info@clinicalnutrition.es, or by mail to Calle Paratge Les Escomes s\/n 08310 Argentona, Barcelona enclosing a photocopy of your ID card and indicating the right you are exercising.<\/p>\n<p>Once we receive the request, we will analyze it and comply with the request. In the event that it is not pertinent or that, due to the specific case, the exercise of the requested right cannot be granted, we will inform the interested party so that he\/she may file the corresponding claims.<\/p>\n<p>We will respond to your request within the legally established deadlines, unless problems beyond our control prevent us from doing so. In this case, we will inform you of the reasons and the expected resolution deadlines.<\/p>\n<p>In any case, you can go to the Spanish data protection agency if you consider that the data protection provisions in force have been violated. Additional and complementary information on all these rights can be found on its website: <a href=\"http:\/\/www.agpd.es\">www.agpd.es<\/a>.<\/p>\n\t\t\t\t\t\t\t\t<\/div>\n\t\t\t\t<\/div>\n\t\t\t\t\t<\/div>\n\t\t<\/div>\n\t\t\t\t\t<\/div>\n\t\t<\/section>\n\t\t\t\t<\/div>\n\t\t","protected":false},"excerpt":{"rendered":"<p>Privacy Policy Basic data protection information Responsible for the treatment&#8211; Responsible: Clinical Nutrition S.A.U.&#8211; Address: street Paratge Les Escomes s\/n 08310 Argentona, Barcelona&#8211; CIF: A08650509&#8211; Mail: info@clinicalnutrition.es&#8211; Phone: +34 93 797 4360 Purpose of treatmentThis website collects personal data through different forms. The data requested in the form will be used to answer the queries [&hellip;]<\/p>\n","protected":false},"author":1,"featured_media":0,"parent":0,"menu_order":0,"comment_status":"closed","ping_status":"closed","template":"","meta":{"footnotes":""},"class_list":["post-2390","page","type-page","status-publish","hentry"],"yoast_head":"<!-- This site is optimized with the Yoast SEO plugin v26.9 - https:\/\/yoast.com\/product\/yoast-seo-wordpress\/ -->\n<title>Privacy Policy - Clinical Nutrition<\/title>\n<meta name=\"robots\" content=\"index, follow, max-snippet:-1, max-image-preview:large, max-video-preview:-1\" \/>\n<link rel=\"canonical\" href=\"https:\/\/www.clinicalnutrition.es\/en\/privacy-policy\/\" \/>\n<meta property=\"og:locale\" content=\"en_US\" \/>\n<meta property=\"og:type\" content=\"article\" \/>\n<meta property=\"og:title\" content=\"Privacy Policy - Clinical Nutrition\" \/>\n<meta property=\"og:description\" content=\"Privacy Policy Basic data protection information Responsible for the treatment&#8211; Responsible: Clinical Nutrition S.A.U.&#8211; Address: street Paratge Les Escomes s\/n 08310 Argentona, Barcelona&#8211; CIF: A08650509&#8211; Mail: info@clinicalnutrition.es&#8211; Phone: +34 93 797 4360 Purpose of treatmentThis website collects personal data through different forms. The data requested in the form will be used to answer the queries [&hellip;]\" \/>\n<meta property=\"og:url\" content=\"https:\/\/www.clinicalnutrition.es\/en\/privacy-policy\/\" \/>\n<meta property=\"og:site_name\" content=\"Clinical Nutrition\" \/>\n<meta property=\"article:modified_time\" content=\"2024-01-08T08:21:36+00:00\" \/>\n<meta name=\"twitter:card\" content=\"summary_large_image\" \/>\n<meta name=\"twitter:label1\" content=\"Est. reading time\" \/>\n\t<meta name=\"twitter:data1\" content=\"4 minutes\" \/>\n<script type=\"application\/ld+json\" class=\"yoast-schema-graph\">{\"@context\":\"https:\/\/schema.org\",\"@graph\":[{\"@type\":\"WebPage\",\"@id\":\"https:\/\/www.clinicalnutrition.es\/en\/privacy-policy\/\",\"url\":\"https:\/\/www.clinicalnutrition.es\/en\/privacy-policy\/\",\"name\":\"Privacy Policy - Clinical Nutrition\",\"isPartOf\":{\"@id\":\"https:\/\/www.clinicalnutrition.es\/en\/#website\"},\"datePublished\":\"2023-11-15T08:35:50+00:00\",\"dateModified\":\"2024-01-08T08:21:36+00:00\",\"breadcrumb\":{\"@id\":\"https:\/\/www.clinicalnutrition.es\/en\/privacy-policy\/#breadcrumb\"},\"inLanguage\":\"en-US\",\"potentialAction\":[{\"@type\":\"ReadAction\",\"target\":[\"https:\/\/www.clinicalnutrition.es\/en\/privacy-policy\/\"]}]},{\"@type\":\"BreadcrumbList\",\"@id\":\"https:\/\/www.clinicalnutrition.es\/en\/privacy-policy\/#breadcrumb\",\"itemListElement\":[{\"@type\":\"ListItem\",\"position\":1,\"name\":\"Portada\",\"item\":\"https:\/\/www.clinicalnutrition.es\/en\/clinical-nutrition-home\/\"},{\"@type\":\"ListItem\",\"position\":2,\"name\":\"Privacy Policy\"}]},{\"@type\":\"WebSite\",\"@id\":\"https:\/\/www.clinicalnutrition.es\/en\/#website\",\"url\":\"https:\/\/www.clinicalnutrition.es\/en\/\",\"name\":\"Clinical Nutrition\",\"description\":\"Fabricante l\u00edderes en nutrici\u00f3n y suplementaci\u00f3n desde 1981\",\"publisher\":{\"@id\":\"https:\/\/www.clinicalnutrition.es\/en\/#organization\"},\"potentialAction\":[{\"@type\":\"SearchAction\",\"target\":{\"@type\":\"EntryPoint\",\"urlTemplate\":\"https:\/\/www.clinicalnutrition.es\/en\/?s={search_term_string}\"},\"query-input\":{\"@type\":\"PropertyValueSpecification\",\"valueRequired\":true,\"valueName\":\"search_term_string\"}}],\"inLanguage\":\"en-US\"},{\"@type\":\"Organization\",\"@id\":\"https:\/\/www.clinicalnutrition.es\/en\/#organization\",\"name\":\"CN Labs\",\"url\":\"https:\/\/www.clinicalnutrition.es\/en\/\",\"logo\":{\"@type\":\"ImageObject\",\"inLanguage\":\"en-US\",\"@id\":\"https:\/\/www.clinicalnutrition.es\/en\/#\/schema\/logo\/image\/\",\"url\":\"https:\/\/www.clinicalnutrition.es\/wp-content\/uploads\/2023\/09\/Clinical-Nutrition-Logo-SVG.svg\",\"contentUrl\":\"https:\/\/www.clinicalnutrition.es\/wp-content\/uploads\/2023\/09\/Clinical-Nutrition-Logo-SVG.svg\",\"caption\":\"CN Labs\"},\"image\":{\"@id\":\"https:\/\/www.clinicalnutrition.es\/en\/#\/schema\/logo\/image\/\"},\"sameAs\":[\"https:\/\/www.linkedin.com\/company\/clinical-nutrition-s-a\/?originalSubdomain=es\",\"https:\/\/www.youtube.com\/channel\/UCzd52Z9HoJvdvGCkzDIhxCA\"]}]}<\/script>\n<!-- \/ Yoast SEO plugin. -->","yoast_head_json":{"title":"Privacy Policy - Clinical Nutrition","robots":{"index":"index","follow":"follow","max-snippet":"max-snippet:-1","max-image-preview":"max-image-preview:large","max-video-preview":"max-video-preview:-1"},"canonical":"https:\/\/www.clinicalnutrition.es\/en\/privacy-policy\/","og_locale":"en_US","og_type":"article","og_title":"Privacy Policy - Clinical Nutrition","og_description":"Privacy Policy Basic data protection information Responsible for the treatment&#8211; Responsible: Clinical Nutrition S.A.U.&#8211; Address: street Paratge Les Escomes s\/n 08310 Argentona, Barcelona&#8211; CIF: A08650509&#8211; Mail: info@clinicalnutrition.es&#8211; Phone: +34 93 797 4360 Purpose of treatmentThis website collects personal data through different forms. The data requested in the form will be used to answer the queries [&hellip;]","og_url":"https:\/\/www.clinicalnutrition.es\/en\/privacy-policy\/","og_site_name":"Clinical Nutrition","article_modified_time":"2024-01-08T08:21:36+00:00","twitter_card":"summary_large_image","twitter_misc":{"Est. reading time":"4 minutes"},"schema":{"@context":"https:\/\/schema.org","@graph":[{"@type":"WebPage","@id":"https:\/\/www.clinicalnutrition.es\/en\/privacy-policy\/","url":"https:\/\/www.clinicalnutrition.es\/en\/privacy-policy\/","name":"Privacy Policy - Clinical Nutrition","isPartOf":{"@id":"https:\/\/www.clinicalnutrition.es\/en\/#website"},"datePublished":"2023-11-15T08:35:50+00:00","dateModified":"2024-01-08T08:21:36+00:00","breadcrumb":{"@id":"https:\/\/www.clinicalnutrition.es\/en\/privacy-policy\/#breadcrumb"},"inLanguage":"en-US","potentialAction":[{"@type":"ReadAction","target":["https:\/\/www.clinicalnutrition.es\/en\/privacy-policy\/"]}]},{"@type":"BreadcrumbList","@id":"https:\/\/www.clinicalnutrition.es\/en\/privacy-policy\/#breadcrumb","itemListElement":[{"@type":"ListItem","position":1,"name":"Portada","item":"https:\/\/www.clinicalnutrition.es\/en\/clinical-nutrition-home\/"},{"@type":"ListItem","position":2,"name":"Privacy Policy"}]},{"@type":"WebSite","@id":"https:\/\/www.clinicalnutrition.es\/en\/#website","url":"https:\/\/www.clinicalnutrition.es\/en\/","name":"Clinical Nutrition","description":"Fabricante l\u00edderes en nutrici\u00f3n y suplementaci\u00f3n desde 1981","publisher":{"@id":"https:\/\/www.clinicalnutrition.es\/en\/#organization"},"potentialAction":[{"@type":"SearchAction","target":{"@type":"EntryPoint","urlTemplate":"https:\/\/www.clinicalnutrition.es\/en\/?s={search_term_string}"},"query-input":{"@type":"PropertyValueSpecification","valueRequired":true,"valueName":"search_term_string"}}],"inLanguage":"en-US"},{"@type":"Organization","@id":"https:\/\/www.clinicalnutrition.es\/en\/#organization","name":"CN Labs","url":"https:\/\/www.clinicalnutrition.es\/en\/","logo":{"@type":"ImageObject","inLanguage":"en-US","@id":"https:\/\/www.clinicalnutrition.es\/en\/#\/schema\/logo\/image\/","url":"https:\/\/www.clinicalnutrition.es\/wp-content\/uploads\/2023\/09\/Clinical-Nutrition-Logo-SVG.svg","contentUrl":"https:\/\/www.clinicalnutrition.es\/wp-content\/uploads\/2023\/09\/Clinical-Nutrition-Logo-SVG.svg","caption":"CN Labs"},"image":{"@id":"https:\/\/www.clinicalnutrition.es\/en\/#\/schema\/logo\/image\/"},"sameAs":["https:\/\/www.linkedin.com\/company\/clinical-nutrition-s-a\/?originalSubdomain=es","https:\/\/www.youtube.com\/channel\/UCzd52Z9HoJvdvGCkzDIhxCA"]}]}},"_links":{"self":[{"href":"https:\/\/www.clinicalnutrition.es\/en\/wp-json\/wp\/v2\/pages\/2390","targetHints":{"allow":["GET"]}}],"collection":[{"href":"https:\/\/www.clinicalnutrition.es\/en\/wp-json\/wp\/v2\/pages"}],"about":[{"href":"https:\/\/www.clinicalnutrition.es\/en\/wp-json\/wp\/v2\/types\/page"}],"author":[{"embeddable":true,"href":"https:\/\/www.clinicalnutrition.es\/en\/wp-json\/wp\/v2\/users\/1"}],"replies":[{"embeddable":true,"href":"https:\/\/www.clinicalnutrition.es\/en\/wp-json\/wp\/v2\/comments?post=2390"}],"version-history":[{"count":3,"href":"https:\/\/www.clinicalnutrition.es\/en\/wp-json\/wp\/v2\/pages\/2390\/revisions"}],"predecessor-version":[{"id":2418,"href":"https:\/\/www.clinicalnutrition.es\/en\/wp-json\/wp\/v2\/pages\/2390\/revisions\/2418"}],"wp:attachment":[{"href":"https:\/\/www.clinicalnutrition.es\/en\/wp-json\/wp\/v2\/media?parent=2390"}],"curies":[{"name":"wp","href":"https:\/\/api.w.org\/{rel}","templated":true}]}}