{"id":2385,"date":"2023-11-15T09:30:39","date_gmt":"2023-11-15T08:30:39","guid":{"rendered":"https:\/\/www.clinicalnutrition.es\/cookies-policy\/"},"modified":"2024-01-08T09:21:35","modified_gmt":"2024-01-08T08:21:35","slug":"cookies-policy","status":"publish","type":"page","link":"https:\/\/www.clinicalnutrition.es\/en\/cookies-policy\/","title":{"rendered":"Cookies Policy"},"content":{"rendered":"\t\t<div data-elementor-type=\"wp-page\" data-elementor-id=\"2385\" class=\"elementor elementor-2385 elementor-1584\" data-elementor-post-type=\"page\">\n\t\t\t\t\t\t<section class=\"elementor-section elementor-top-section elementor-element elementor-element-08e6d77 elementor-section-boxed elementor-section-height-default elementor-section-height-default\" data-id=\"08e6d77\" data-element_type=\"section\" data-e-type=\"section\">\n\t\t\t\t\t\t<div class=\"elementor-container elementor-column-gap-default\">\n\t\t\t\t\t<div class=\"elementor-column elementor-col-100 elementor-top-column elementor-element elementor-element-dad549a\" data-id=\"dad549a\" data-element_type=\"column\" data-e-type=\"column\">\n\t\t\t<div class=\"elementor-widget-wrap elementor-element-populated\">\n\t\t\t\t\t\t<div class=\"elementor-element elementor-element-fa774ce elementor-widget elementor-widget-heading\" data-id=\"fa774ce\" data-element_type=\"widget\" data-e-type=\"widget\" data-widget_type=\"heading.default\">\n\t\t\t\t<div class=\"elementor-widget-container\">\n\t\t\t\t\t<h2 class=\"elementor-heading-title elementor-size-default\">Cookies Policy<\/h2>\t\t\t\t<\/div>\n\t\t\t\t<\/div>\n\t\t\t\t<div class=\"elementor-element elementor-element-2fbd5ab elementor-widget elementor-widget-text-editor\" data-id=\"2fbd5ab\" data-element_type=\"widget\" data-e-type=\"widget\" data-widget_type=\"text-editor.default\">\n\t\t\t\t<div class=\"elementor-widget-container\">\n\t\t\t\t\t\t\t\t\t<div class=\"large-12 columns\">\n<p class=\"page-title__primary-title h1\"><strong><span class=\"il\">Clinical<\/span>&nbsp;Nutrition S.A.U.<\/strong> informs you that this website uses its own and third party cookies to improve our services.<\/p>\n<p><strong>DEFINITION OF COOKIES<\/strong><\/p>\n<p>What are cookies? A cookie is a file that is downloaded to your computer when you access certain web pages. Cookies allow a website, among other things, to store and retrieve information about the browsing habits of a user or their computer and, depending on the information they contain and the form used by your computer, can be used to recognize the user.<\/p>\n<p><strong>WHAT TYPES OF COOKIES DOES THIS WEBSITE USE?<\/strong><\/p>\n<div class=\"large-12 columns\">\n<p>We use cookies to enable, personalize and analyze navigation, improving the quality of the services offered. The cookies used are classified into several categories, although a cookie may fall into more than one category:<\/p>\n<ul>\n<li><strong>Session Cookies:<\/strong>&nbsp;are temporary cookies that are not stored in your terminal, but disappear when the browsing session ends.<\/li>\n<li><strong>Persistent Cookies:<\/strong>&nbsp;are those that allow data to remain on your terminal and can be processed beyond the end of the session.<\/li>\n<li><strong>Own Cookies:<\/strong>&nbsp;are those that are sent to your terminal from the website, although some of them are provided by the Google Analytics tool.<\/li>\n<li><strong>Third-party cookies:<\/strong>&nbsp;are cookies that are sent to your terminal from a domain that is not managed by Clinical Nutriotion S.A.U., but by another entity that processes the data obtained through cookies. The third party cookies that the website uses are categorized as Analytical Cookies, described below.<\/li>\n<li><strong>Analytical Cookies:<\/strong> these are cookies used for tracking and analyzing user behavior, they are also classified as third party Cookies. This type of cookie allows us to measure activity on the Website and\/or the Application through aggregate or statistical information about browsing habits. We use analytical cookies, some of which are provided by the <a href=\"https:\/\/www.google.com\/intl\/es_es\/policies\/technologies\/cookies\/\" target=\"_blank\" rel=\"noopener\">Google Analytics<\/a> tool.<\/li>\n<\/ul>\n<\/div>\n<p><strong><br>YOU CAN ALLOW, BLOCK OR DELETE COOKIES<\/strong><\/p>\n<p>Cookies installed on your computer can be blocked or deleted by configuring the browser options installed on your computer.<\/p>\n<p><a href=\"https:\/\/support.mozilla.org\/es\/kb\/cookies-informacion-que-los-sitios-web-guardan-en-#w_configurar-las-cookies\" target=\"_blank\" rel=\"noopener\">Firefox<\/a><\/p>\n<p><a href=\"http:\/\/support.google.com\/chrome\/bin\/answer.py?hl=es&amp;answer=95647\" target=\"_blank\" rel=\"noopener\">Chrome<\/a><\/p>\n<p><a href=\"http:\/\/windows.microsoft.com\/es-es\/windows7\/how-to-manage-cookies-in-internet-explorer-9%20http:\/\/windows.microsoft.com\/es-es\/internet-explorer\/delete-manage-cookies#ie=ie-11\" target=\"_blank\" rel=\"noopener\" data-wplink-url-error=\"true\">Explorer<\/a><\/p>\n<p><a href=\"http:\/\/support.apple.com\/kb\/ph5042\" target=\"_blank\" rel=\"noopener\">Safari<\/a><\/p>\n<p><a href=\"http:\/\/help.opera.com\/Windows\/11.50\/es-ES\/cookies.html\" target=\"_blank\" rel=\"noopener\">Opera<\/a><\/p>\n<\/div>\n<p><strong>EXTERNAL LINKS<\/strong><\/p>\n<div class=\"large-12 columns\">\n<p>This website has external links to other websites that may treat information according to other privacy policies (e.g., social networks such as Facebook, LinkedIn). In no case will we be responsible for the use that third parties make of such information if the interested party freely decides to provide them.<\/p>\n<p>To improve your user experience, this website has enabled Facebook social buttons, to allow users to share with their social circle those contents that are of interest to them. Likewise, the social buttons save you the trouble of providing your personal data to this website by taking advantage of the information already shared from the aforementioned social networks, data to which we do not have access.<\/p>\n<p><strong>WHAT HAPPENS IF COOKIES ARE DISABLED<\/strong><\/p>\n<p>Browsing our website may not be optimal and some resources may be disabled.<\/p>\n<p><strong>UPDATES AND CHANGES<\/strong><\/p>\n<p><span class=\"il\">Clinical<\/span>&nbsp;Nutrition S.A.U. may modify this Cookies Policy according to legislative or regulatory requirements, or in order to adapt this policy to the instructions issued by the Spanish Data Protection Agency, so users are advised to visit it periodically.<\/p>\n<\/div>\t\t\t\t\t\t\t\t<\/div>\n\t\t\t\t<\/div>\n\t\t\t\t\t<\/div>\n\t\t<\/div>\n\t\t\t\t\t<\/div>\n\t\t<\/section>\n\t\t\t\t<\/div>\n\t\t","protected":false},"excerpt":{"rendered":"<p>Cookies Policy Clinical&nbsp;Nutrition S.A.U. informs you that this website uses its own and third party cookies to improve our services. DEFINITION OF COOKIES What are cookies? A cookie is a file that is downloaded to your computer when you access certain web pages. Cookies allow a website, among other things, to store and retrieve information [&hellip;]<\/p>\n","protected":false},"author":1,"featured_media":0,"parent":0,"menu_order":0,"comment_status":"closed","ping_status":"closed","template":"","meta":{"footnotes":""},"class_list":["post-2385","page","type-page","status-publish","hentry"],"yoast_head":"<!-- This site is optimized with the Yoast SEO plugin v26.9 - https:\/\/yoast.com\/product\/yoast-seo-wordpress\/ -->\n<title>Cookies Policy - Clinical Nutrition<\/title>\n<meta name=\"robots\" content=\"index, follow, max-snippet:-1, max-image-preview:large, max-video-preview:-1\" \/>\n<link rel=\"canonical\" href=\"https:\/\/www.clinicalnutrition.es\/en\/cookies-policy\/\" \/>\n<meta property=\"og:locale\" content=\"en_US\" \/>\n<meta property=\"og:type\" content=\"article\" \/>\n<meta property=\"og:title\" content=\"Cookies Policy - Clinical Nutrition\" \/>\n<meta property=\"og:description\" content=\"Cookies Policy Clinical&nbsp;Nutrition S.A.U. informs you that this website uses its own and third party cookies to improve our services. DEFINITION OF COOKIES What are cookies? A cookie is a file that is downloaded to your computer when you access certain web pages. Cookies allow a website, among other things, to store and retrieve information [&hellip;]\" \/>\n<meta property=\"og:url\" content=\"https:\/\/www.clinicalnutrition.es\/en\/cookies-policy\/\" \/>\n<meta property=\"og:site_name\" content=\"Clinical Nutrition\" \/>\n<meta property=\"article:modified_time\" content=\"2024-01-08T08:21:35+00:00\" \/>\n<meta name=\"twitter:card\" content=\"summary_large_image\" \/>\n<meta name=\"twitter:label1\" content=\"Est. reading time\" \/>\n\t<meta name=\"twitter:data1\" content=\"3 minutes\" \/>\n<script type=\"application\/ld+json\" class=\"yoast-schema-graph\">{\"@context\":\"https:\/\/schema.org\",\"@graph\":[{\"@type\":\"WebPage\",\"@id\":\"https:\/\/www.clinicalnutrition.es\/en\/cookies-policy\/\",\"url\":\"https:\/\/www.clinicalnutrition.es\/en\/cookies-policy\/\",\"name\":\"Cookies Policy - Clinical Nutrition\",\"isPartOf\":{\"@id\":\"https:\/\/www.clinicalnutrition.es\/en\/#website\"},\"datePublished\":\"2023-11-15T08:30:39+00:00\",\"dateModified\":\"2024-01-08T08:21:35+00:00\",\"breadcrumb\":{\"@id\":\"https:\/\/www.clinicalnutrition.es\/en\/cookies-policy\/#breadcrumb\"},\"inLanguage\":\"en-US\",\"potentialAction\":[{\"@type\":\"ReadAction\",\"target\":[\"https:\/\/www.clinicalnutrition.es\/en\/cookies-policy\/\"]}]},{\"@type\":\"BreadcrumbList\",\"@id\":\"https:\/\/www.clinicalnutrition.es\/en\/cookies-policy\/#breadcrumb\",\"itemListElement\":[{\"@type\":\"ListItem\",\"position\":1,\"name\":\"Portada\",\"item\":\"https:\/\/www.clinicalnutrition.es\/en\/clinical-nutrition-home\/\"},{\"@type\":\"ListItem\",\"position\":2,\"name\":\"Cookies Policy\"}]},{\"@type\":\"WebSite\",\"@id\":\"https:\/\/www.clinicalnutrition.es\/en\/#website\",\"url\":\"https:\/\/www.clinicalnutrition.es\/en\/\",\"name\":\"Clinical Nutrition\",\"description\":\"Fabricante l\u00edderes en nutrici\u00f3n y suplementaci\u00f3n desde 1981\",\"publisher\":{\"@id\":\"https:\/\/www.clinicalnutrition.es\/en\/#organization\"},\"potentialAction\":[{\"@type\":\"SearchAction\",\"target\":{\"@type\":\"EntryPoint\",\"urlTemplate\":\"https:\/\/www.clinicalnutrition.es\/en\/?s={search_term_string}\"},\"query-input\":{\"@type\":\"PropertyValueSpecification\",\"valueRequired\":true,\"valueName\":\"search_term_string\"}}],\"inLanguage\":\"en-US\"},{\"@type\":\"Organization\",\"@id\":\"https:\/\/www.clinicalnutrition.es\/en\/#organization\",\"name\":\"CN Labs\",\"url\":\"https:\/\/www.clinicalnutrition.es\/en\/\",\"logo\":{\"@type\":\"ImageObject\",\"inLanguage\":\"en-US\",\"@id\":\"https:\/\/www.clinicalnutrition.es\/en\/#\/schema\/logo\/image\/\",\"url\":\"https:\/\/www.clinicalnutrition.es\/wp-content\/uploads\/2023\/09\/Clinical-Nutrition-Logo-SVG.svg\",\"contentUrl\":\"https:\/\/www.clinicalnutrition.es\/wp-content\/uploads\/2023\/09\/Clinical-Nutrition-Logo-SVG.svg\",\"caption\":\"CN Labs\"},\"image\":{\"@id\":\"https:\/\/www.clinicalnutrition.es\/en\/#\/schema\/logo\/image\/\"},\"sameAs\":[\"https:\/\/www.linkedin.com\/company\/clinical-nutrition-s-a\/?originalSubdomain=es\",\"https:\/\/www.youtube.com\/channel\/UCzd52Z9HoJvdvGCkzDIhxCA\"]}]}<\/script>\n<!-- \/ Yoast SEO plugin. -->","yoast_head_json":{"title":"Cookies Policy - Clinical Nutrition","robots":{"index":"index","follow":"follow","max-snippet":"max-snippet:-1","max-image-preview":"max-image-preview:large","max-video-preview":"max-video-preview:-1"},"canonical":"https:\/\/www.clinicalnutrition.es\/en\/cookies-policy\/","og_locale":"en_US","og_type":"article","og_title":"Cookies Policy - Clinical Nutrition","og_description":"Cookies Policy Clinical&nbsp;Nutrition S.A.U. informs you that this website uses its own and third party cookies to improve our services. DEFINITION OF COOKIES What are cookies? A cookie is a file that is downloaded to your computer when you access certain web pages. Cookies allow a website, among other things, to store and retrieve information [&hellip;]","og_url":"https:\/\/www.clinicalnutrition.es\/en\/cookies-policy\/","og_site_name":"Clinical Nutrition","article_modified_time":"2024-01-08T08:21:35+00:00","twitter_card":"summary_large_image","twitter_misc":{"Est. reading time":"3 minutes"},"schema":{"@context":"https:\/\/schema.org","@graph":[{"@type":"WebPage","@id":"https:\/\/www.clinicalnutrition.es\/en\/cookies-policy\/","url":"https:\/\/www.clinicalnutrition.es\/en\/cookies-policy\/","name":"Cookies Policy - Clinical Nutrition","isPartOf":{"@id":"https:\/\/www.clinicalnutrition.es\/en\/#website"},"datePublished":"2023-11-15T08:30:39+00:00","dateModified":"2024-01-08T08:21:35+00:00","breadcrumb":{"@id":"https:\/\/www.clinicalnutrition.es\/en\/cookies-policy\/#breadcrumb"},"inLanguage":"en-US","potentialAction":[{"@type":"ReadAction","target":["https:\/\/www.clinicalnutrition.es\/en\/cookies-policy\/"]}]},{"@type":"BreadcrumbList","@id":"https:\/\/www.clinicalnutrition.es\/en\/cookies-policy\/#breadcrumb","itemListElement":[{"@type":"ListItem","position":1,"name":"Portada","item":"https:\/\/www.clinicalnutrition.es\/en\/clinical-nutrition-home\/"},{"@type":"ListItem","position":2,"name":"Cookies Policy"}]},{"@type":"WebSite","@id":"https:\/\/www.clinicalnutrition.es\/en\/#website","url":"https:\/\/www.clinicalnutrition.es\/en\/","name":"Clinical Nutrition","description":"Fabricante l\u00edderes en nutrici\u00f3n y suplementaci\u00f3n desde 1981","publisher":{"@id":"https:\/\/www.clinicalnutrition.es\/en\/#organization"},"potentialAction":[{"@type":"SearchAction","target":{"@type":"EntryPoint","urlTemplate":"https:\/\/www.clinicalnutrition.es\/en\/?s={search_term_string}"},"query-input":{"@type":"PropertyValueSpecification","valueRequired":true,"valueName":"search_term_string"}}],"inLanguage":"en-US"},{"@type":"Organization","@id":"https:\/\/www.clinicalnutrition.es\/en\/#organization","name":"CN Labs","url":"https:\/\/www.clinicalnutrition.es\/en\/","logo":{"@type":"ImageObject","inLanguage":"en-US","@id":"https:\/\/www.clinicalnutrition.es\/en\/#\/schema\/logo\/image\/","url":"https:\/\/www.clinicalnutrition.es\/wp-content\/uploads\/2023\/09\/Clinical-Nutrition-Logo-SVG.svg","contentUrl":"https:\/\/www.clinicalnutrition.es\/wp-content\/uploads\/2023\/09\/Clinical-Nutrition-Logo-SVG.svg","caption":"CN Labs"},"image":{"@id":"https:\/\/www.clinicalnutrition.es\/en\/#\/schema\/logo\/image\/"},"sameAs":["https:\/\/www.linkedin.com\/company\/clinical-nutrition-s-a\/?originalSubdomain=es","https:\/\/www.youtube.com\/channel\/UCzd52Z9HoJvdvGCkzDIhxCA"]}]}},"_links":{"self":[{"href":"https:\/\/www.clinicalnutrition.es\/en\/wp-json\/wp\/v2\/pages\/2385","targetHints":{"allow":["GET"]}}],"collection":[{"href":"https:\/\/www.clinicalnutrition.es\/en\/wp-json\/wp\/v2\/pages"}],"about":[{"href":"https:\/\/www.clinicalnutrition.es\/en\/wp-json\/wp\/v2\/types\/page"}],"author":[{"embeddable":true,"href":"https:\/\/www.clinicalnutrition.es\/en\/wp-json\/wp\/v2\/users\/1"}],"replies":[{"embeddable":true,"href":"https:\/\/www.clinicalnutrition.es\/en\/wp-json\/wp\/v2\/comments?post=2385"}],"version-history":[{"count":3,"href":"https:\/\/www.clinicalnutrition.es\/en\/wp-json\/wp\/v2\/pages\/2385\/revisions"}],"predecessor-version":[{"id":2405,"href":"https:\/\/www.clinicalnutrition.es\/en\/wp-json\/wp\/v2\/pages\/2385\/revisions\/2405"}],"wp:attachment":[{"href":"https:\/\/www.clinicalnutrition.es\/en\/wp-json\/wp\/v2\/media?parent=2385"}],"curies":[{"name":"wp","href":"https:\/\/api.w.org\/{rel}","templated":true}]}}